{"id":5962,"date":"2024-10-04T09:22:50","date_gmt":"2024-10-04T09:22:50","guid":{"rendered":"https:\/\/tagderclubkultur.berlin\/partner-copy\/"},"modified":"2024-10-04T09:29:44","modified_gmt":"2024-10-04T09:29:44","slug":"awareness-note","status":"publish","type":"page","link":"https:\/\/2024.tagderclubkultur.berlin\/en\/awareness-note\/","title":{"rendered":"Awareness Note"},"content":{"rendered":"","protected":false},"excerpt":{"rendered":"","protected":false},"author":27,"featured_media":0,"parent":0,"menu_order":12,"comment_status":"closed","ping_status":"closed","template":"","meta":{"inline_featured_image":false},"class_list":["post-5962","page","type-page","status-publish","hentry"],"yoast_head":"<!-- This site is optimized with the Yoast SEO plugin v27.2 - https:\/\/yoast.com\/product\/yoast-seo-wordpress\/ -->\n<title>Awareness Note - TAG DER CLUBKULTUR<\/title>\n<meta name=\"robots\" content=\"index, follow, max-snippet:-1, max-image-preview:large, max-video-preview:-1\" \/>\n<link rel=\"canonical\" href=\"https:\/\/2024.tagderclubkultur.berlin\/en\/awareness-note\/\" \/>\n<meta property=\"og:locale\" content=\"en_US\" \/>\n<meta property=\"og:type\" content=\"article\" \/>\n<meta property=\"og:title\" content=\"Awareness Note - TAG DER CLUBKULTUR\" \/>\n<meta property=\"og:url\" content=\"https:\/\/2024.tagderclubkultur.berlin\/en\/awareness-note\/\" \/>\n<meta property=\"og:site_name\" content=\"TAG DER CLUBKULTUR\" \/>\n<meta property=\"article:modified_time\" content=\"2024-10-04T09:29:44+00:00\" \/>\n<meta name=\"twitter:card\" content=\"summary_large_image\" \/>\n<meta name=\"twitter:label1\" content=\"Est. reading time\" \/>\n\t<meta name=\"twitter:data1\" content=\"1 minute\" \/>\n<script type=\"application\/ld+json\" class=\"yoast-schema-graph\">{\"@context\":\"https:\/\/schema.org\",\"@graph\":[{\"@type\":\"WebPage\",\"@id\":\"https:\/\/2024.tagderclubkultur.berlin\/en\/awareness-note\/\",\"url\":\"https:\/\/2024.tagderclubkultur.berlin\/en\/awareness-note\/\",\"name\":\"Awareness Note - TAG DER CLUBKULTUR\",\"isPartOf\":{\"@id\":\"https:\/\/2024.tagderclubkultur.berlin\/#website\"},\"datePublished\":\"2024-10-04T09:22:50+00:00\",\"dateModified\":\"2024-10-04T09:29:44+00:00\",\"breadcrumb\":{\"@id\":\"https:\/\/2024.tagderclubkultur.berlin\/en\/awareness-note\/#breadcrumb\"},\"inLanguage\":\"en-US\",\"potentialAction\":[{\"@type\":\"ReadAction\",\"target\":[\"https:\/\/2024.tagderclubkultur.berlin\/en\/awareness-note\/\"]}]},{\"@type\":\"BreadcrumbList\",\"@id\":\"https:\/\/2024.tagderclubkultur.berlin\/en\/awareness-note\/#breadcrumb\",\"itemListElement\":[{\"@type\":\"ListItem\",\"position\":1,\"name\":\"Home\",\"item\":\"https:\/\/2024.tagderclubkultur.berlin\/\"},{\"@type\":\"ListItem\",\"position\":2,\"name\":\"Awareness Note\"}]},{\"@type\":\"WebSite\",\"@id\":\"https:\/\/2024.tagderclubkultur.berlin\/#website\",\"url\":\"https:\/\/2024.tagderclubkultur.berlin\/\",\"name\":\"TAG DER CLUBKULTUR\",\"description\":\"\",\"potentialAction\":[{\"@type\":\"SearchAction\",\"target\":{\"@type\":\"EntryPoint\",\"urlTemplate\":\"https:\/\/2024.tagderclubkultur.berlin\/?s={search_term_string}\"},\"query-input\":{\"@type\":\"PropertyValueSpecification\",\"valueRequired\":true,\"valueName\":\"search_term_string\"}}],\"inLanguage\":\"en-US\"}]}<\/script>\n<!-- \/ Yoast SEO plugin. -->","yoast_head_json":{"title":"Awareness Note - TAG DER CLUBKULTUR","robots":{"index":"index","follow":"follow","max-snippet":"max-snippet:-1","max-image-preview":"max-image-preview:large","max-video-preview":"max-video-preview:-1"},"canonical":"https:\/\/2024.tagderclubkultur.berlin\/en\/awareness-note\/","og_locale":"en_US","og_type":"article","og_title":"Awareness Note - TAG DER CLUBKULTUR","og_url":"https:\/\/2024.tagderclubkultur.berlin\/en\/awareness-note\/","og_site_name":"TAG DER CLUBKULTUR","article_modified_time":"2024-10-04T09:29:44+00:00","twitter_card":"summary_large_image","twitter_misc":{"Est. reading time":"1 minute"},"schema":{"@context":"https:\/\/schema.org","@graph":[{"@type":"WebPage","@id":"https:\/\/2024.tagderclubkultur.berlin\/en\/awareness-note\/","url":"https:\/\/2024.tagderclubkultur.berlin\/en\/awareness-note\/","name":"Awareness Note - TAG DER CLUBKULTUR","isPartOf":{"@id":"https:\/\/2024.tagderclubkultur.berlin\/#website"},"datePublished":"2024-10-04T09:22:50+00:00","dateModified":"2024-10-04T09:29:44+00:00","breadcrumb":{"@id":"https:\/\/2024.tagderclubkultur.berlin\/en\/awareness-note\/#breadcrumb"},"inLanguage":"en-US","potentialAction":[{"@type":"ReadAction","target":["https:\/\/2024.tagderclubkultur.berlin\/en\/awareness-note\/"]}]},{"@type":"BreadcrumbList","@id":"https:\/\/2024.tagderclubkultur.berlin\/en\/awareness-note\/#breadcrumb","itemListElement":[{"@type":"ListItem","position":1,"name":"Home","item":"https:\/\/2024.tagderclubkultur.berlin\/"},{"@type":"ListItem","position":2,"name":"Awareness Note"}]},{"@type":"WebSite","@id":"https:\/\/2024.tagderclubkultur.berlin\/#website","url":"https:\/\/2024.tagderclubkultur.berlin\/","name":"TAG DER CLUBKULTUR","description":"","potentialAction":[{"@type":"SearchAction","target":{"@type":"EntryPoint","urlTemplate":"https:\/\/2024.tagderclubkultur.berlin\/?s={search_term_string}"},"query-input":{"@type":"PropertyValueSpecification","valueRequired":true,"valueName":"search_term_string"}}],"inLanguage":"en-US"}]}},"grid":"{\r\n  \"colCount\": 10,\r\n  \"colGutter\": 1,\r\n  \"rowGutters\": [\r\n    5\r\n  ],\r\n  \"frameMargin\": 1,\r\n  \"topFrameMargin\": 200,\r\n  \"bottomFrameMargin\": 5,\r\n  \"rowAttrs\": [\r\n    {\r\n      \"relid\": 25\r\n    },\r\n    {\r\n      \"relid\": 33\r\n    }\r\n  ],\r\n  \"bgColor\": null,\r\n  \"cont\": [\r\n    {\r\n      \"type\": \"text\",\r\n      \"cont\": \"<p class=\\\"_BIG\\\">Awareness note<\/p>\",\r\n      \"align\": \"top\",\r\n      \"row\": 0,\r\n      \"col\": 0,\r\n      \"colspan\": 6,\r\n      \"offsetx\": 0,\r\n      \"offsety\": 0,\r\n      \"spaceabove\": 0,\r\n      \"spacebelow\": 0,\r\n      \"yvel\": 1,\r\n      \"push\": 0,\r\n      \"relid\": 13,\r\n      \"absolute_position\": false,\r\n      \"frameOverflow\": \"\"\r\n    },\r\n    {\r\n      \"type\": \"text\",\r\n      \"cont\": \"<p class=\\\"_Mono\\\"><span style=\\\"font-weight: 400;\\\">Vom 3. bis 10. Oktober pr\u00e4sentieren alle Ausgezeichneten und zahlreiche weitere Clubs und Kollektive\u00a0 im Rahmen der TAG DER CLUBKULTUR Festivalwoche ihre kulturelle und k\u00fcnstlerische Arbeit in \u00fcber 80 Veranstaltungen in ganz Berlin. In dem umfangreichen Festivalprogramm, aus Clubn\u00e4chten,\u00a0 Performances, Talks, Workshops, Screenings,Ausstellungen und mehr\u00a0 zeigen sie das facettenreiche sowie das vielf\u00e4ltige und interdisziplin\u00e4re Spektrum der Berliner Clubkultur.<\/span><\/p><p class=\\\"_Mono\\\"><span style=\\\"font-weight: 400;\\\">So divers wie die Berliner Clubkultur ist, so divers gestaltet sich auch das Programm der Festivalwoche. Auf den Veranstaltungen kommen verschiedene clubkulturelle Akteur*innen mit unterschiedlichen sozialen Positionen und verschiedenen Hintergr\u00fcnden zusammen. Wir erkennen an, dass wir alle unterschiedliche Erfahrungen und Kenntnisse haben. Wir alle haben eine unterschiedliche pers\u00f6nliche und kollektive Geschichte in unseren Gemeinschaften. Wir sind unterschiedlich privilegiert und von der aktuellen politischen Situation betroffen. Deswegen ist uns im Rahmen des TAG DER CLUBKULTUR besonders wichtig, dass wir uns gegenseitig mit Respekt, Empathie und Mitgef\u00fchl begegnen und sch\u00e4tzen Dialog, Austausch und gegenseitiges Lernen.<\/span><\/p><p class=\\\"_Mono\\\">\u00a0<\/p><p class=\\\"_Mono\\\"><span style=\\\"font-weight: 400;\\\">Jedes Kollektiv und jeder Club bringt f\u00fcr seine Veranstaltungen ein eigenes Awareness-Konzept und Verst\u00e4ndnis mit, alle eint jedoch der Respekt und die Sensibilit\u00e4t f\u00fcr diverse Perspektiven und individuelle Grenzen.\u00a0<\/span><\/p><p class=\\\"_Mono\\\">\u00a0<\/p><p class=\\\"_Mono\\\"><span style=\\\"font-weight: 400;\\\">Die TAG DER CLUBKULTUR Festivalwoche steht f\u00fcr Diversit\u00e4t, Solidarit\u00e4t, Gemeinschaft und Toleranz. Ziel ist es, diskriminierungssensible R\u00e4ume zu schaffen, in denen sich alle so sicher, akzeptiert und wohl wie m\u00f6glich f\u00fchlen k\u00f6nnen. Diskriminierung, Zuschreibungen sowie psychische und physische Gewalt in jeglicher Form werden nicht akzeptiert. Wir tolerieren keine Diskriminierungen aufgrund des Geschlechts, der sexuellen Orientierung, der Herkunft, der Religion, der Weltanschauung, der neurologisch-kognitiven Diversit\u00e4t, einer Behinderung, des Alters, der ethnischen Zugeh\u00f6rigkeit oder des sozialen und wirtschaftlichen Status. Teil der Schaffung eines sicheren Raums ist es au\u00dferdem, auf eigene Grenzen zu achten und die Grenzen anderer zu respektieren, Diskriminierung zu erkennen, anzusprechen und kritisch zu hinterfragen. Wir ermutigen dazu, sich der eigenen Position und Privilegien bewusst zu werden, diskriminierendem Verhalten entschieden entgegenzutreten und Betroffene zu unterst\u00fctzen.<\/span><\/p><p class=\\\"_Mono\\\">\u00a0<\/p><p class=\\\"_Mono\\\"><span style=\\\"font-weight: 400;\\\">Auf vielen Veranstaltungen werden Awareness Teams f\u00fcr die Unterst\u00fctzung bei Vorf\u00e4llen vor Ort sein. F\u00fcr das konkrete Awareness-Konzept der jeweiligen Veranstaltung informiere dich bitte auf der Seite des veranstaltenden Clubs\/ Kollektivs oder an den Aush\u00e4ngen vor Ort.\u00a0<\/span><\/p><p class=\\\"_Mono\\\"><span style=\\\"font-weight: 400;\\\">Solltest du vor Ort keine Hilfe finden oder generell Bedarf f\u00fcr Feedback hast, kannst du dich gerne an unser Team\u00a0 per Mail wenden: <\/span><a href=\\\"mailto:info@tagderclubkultur.berlin\\\"><span style=\\\"font-weight: 400;\\\">info@tagderclubkultur.berlin<\/span><\/a><span style=\\\"font-weight: 400;\\\">\u00a0<\/span><\/p><p class=\\\"_Mono\\\"><span style=\\\"font-weight: 400;\\\">Bitte beachte, dass diese E-Mail-Adresse w\u00e4hrend des Events nicht f\u00fcr sofortige R\u00fcckmeldungen vorgesehen ist.<\/span><\/p><p class=\\\"_Mono\\\">\u00a0<\/p><p class=\\\"_Mono\\\"><span style=\\\"font-weight: 400;\\\">Auf der Website <\/span><a href=\\\"https:\/\/feiern-safe.club\/\\\"><span style=\\\"font-weight: 400;\\\">https:\/\/feiern-safe.club\/<\/span><\/a><span style=\\\"font-weight: 400;\\\"> findet ihr au\u00dferdem Informationsmaterialien zu Awareness-, Diversity- und Antidiskriminierungsstrukturen in 8 verschiedenen Sprachen sowie eine Karte mit verschiedenen Beratungs- und Anlaufstellen in Berlin.\u00a0<\/span><\/p><p class=\\\"_Mono\\\"><span style=\\\"font-weight: 400;\\\">Hier eine kleine Auswahl:\u00a0<\/span><\/p><p class=\\\"_Mono\\\">\u00a0<\/p><p class=\\\"_Mono\\\"><span style=\\\"font-weight: 400;\\\">LARA e.V. - Fachstelle gegen sexualisierte Gewalt an Frauen* Beratung - Krisenintervention - Koordination: <\/span><a href=\\\"https:\/\/www.lara-berlin.de\/\\\"><span style=\\\"font-weight: 400;\\\">https:\/\/www.lara-berlin.de<\/span><\/a><span style=\\\"font-weight: 400;\\\">\u00a0\u00a0<\/span><\/p><p class=\\\"_Mono\\\">\u00a0<\/p><p class=\\\"_Mono\\\"><span style=\\\"font-weight: 400;\\\">Gewaltschutzambulanz: <\/span><a href=\\\"https:\/\/gewaltschutzambulanz.charite.de\/\\\"><span style=\\\"font-weight: 400;\\\">https:\/\/gewaltschutzambulanz.charite.de\/<\/span><\/a><span style=\\\"font-weight: 400;\\\">\u00a0<\/span><\/p><p class=\\\"_Mono\\\">\u00a0<\/p><p class=\\\"_Mono\\\"><span style=\\\"font-weight: 400;\\\">adb - Antidiskriminierungsberatung Alter, Behinderung, Chronische Erkrankung: <\/span><a href=\\\"https:\/\/www.diskriminierung-berlin.de\/\\\"><span style=\\\"font-weight: 400;\\\">https:\/\/www.diskriminierung-berlin.de\/<\/span><\/a><\/p><p class=\\\"_Mono\\\">\u00a0<\/p><p class=\\\"_Mono\\\"><span style=\\\"font-weight: 400;\\\">LADS - Berliner Landesantidiskriminierungsstelle: <\/span><a href=\\\"https:\/\/www.berlin.de\/sen\/lads\/beratung\/diskriminierung\/\\\"><span style=\\\"font-weight: 400;\\\">https:\/\/www.berlin.de\/sen\/lads\/beratung\/diskriminierung\/<\/span><\/a><\/p><p class=\\\"_Mono\\\">\u00a0<\/p><p class=\\\"_Mono\\\"><span style=\\\"font-weight: 400;\\\">OFEK - Beratungsstelle bei antisemitischer Gewalt und Diskriminierung: <\/span><a href=\\\"https:\/\/ofek-beratung.de\/\\\"><span style=\\\"font-weight: 400;\\\">https:\/\/ofek-beratung.de\/<\/span><\/a><\/p><p class=\\\"_Mono\\\">\u00a0<\/p><p class=\\\"_Mono\\\"><span style=\\\"font-weight: 400;\\\">ReachOut - Opferberatung und Bildung gegen Rechtsextremismus und Rassismus: <\/span><a href=\\\"https:\/\/www.reachoutberlin.de\/de\/content\/was-ist-reachout\\\"><span style=\\\"font-weight: 400;\\\">https:\/\/www.reachoutberlin.de\/de\/content\/was-ist-reachout<\/span><\/a><\/p><p class=\\\"_Mono\\\">\u00a0<\/p><p class=\\\"_Mono\\\"><span style=\\\"font-weight: 400;\\\">MUT - Traumahilfe f\u00fcr M\u00e4nner* - <\/span><a href=\\\"https:\/\/hilfefuerjungs.de\/mut\/\\\"><span style=\\\"font-weight: 400;\\\">https:\/\/hilfefuerjungs.de\/mut\/<\/span><\/a><span style=\\\"font-weight: 400;\\\">\u00a0<\/span><\/p><p class=\\\"_Mono\\\">\u00a0<\/p><p class=\\\"_Mono\\\"><span style=\\\"font-weight: 400;\\\">MANEO - Das schwule Anti-Gewalt-Projekt in Berlin: <\/span><a href=\\\"https:\/\/www.maneo.de\/\\\"><span style=\\\"font-weight: 400;\\\">https:\/\/www.maneo.de\/<\/span><\/a><\/p><p class=\\\"_Mono\\\"><br \/><span style=\\\"font-weight: 400;\\\">ADNB des TBB - Antidiskriminierungsnetzwerk Berlin des T\u00fcrkischen Bundes in Berlin-Brandenburg e.V.: <\/span><a href=\\\"https:\/\/tbb-berlin.de\/Projekte\/adnb\\\"><span style=\\\"font-weight: 400;\\\">https:\/\/tbb-berlin.de\/Projekte\/adnb<\/span><\/a><span style=\\\"font-weight: 400;\\\">\u00a0 <\/span><\/p>\",\r\n      \"align\": \"top\",\r\n      \"row\": 1,\r\n      \"col\": 0,\r\n      \"colspan\": 5,\r\n      \"offsetx\": 0,\r\n      \"offsety\": 0,\r\n      \"spaceabove\": 0,\r\n      \"spacebelow\": 0,\r\n      \"yvel\": 1,\r\n      \"push\": 0,\r\n      \"relid\": 10,\r\n      \"absolute_position\": false\r\n    }\r\n  ]\r\n}","phonegrid":"","_links":{"self":[{"href":"https:\/\/2024.tagderclubkultur.berlin\/en\/wp-json\/wp\/v2\/pages\/5962","targetHints":{"allow":["GET"]}}],"collection":[{"href":"https:\/\/2024.tagderclubkultur.berlin\/en\/wp-json\/wp\/v2\/pages"}],"about":[{"href":"https:\/\/2024.tagderclubkultur.berlin\/en\/wp-json\/wp\/v2\/types\/page"}],"author":[{"embeddable":true,"href":"https:\/\/2024.tagderclubkultur.berlin\/en\/wp-json\/wp\/v2\/users\/27"}],"replies":[{"embeddable":true,"href":"https:\/\/2024.tagderclubkultur.berlin\/en\/wp-json\/wp\/v2\/comments?post=5962"}],"version-history":[{"count":0,"href":"https:\/\/2024.tagderclubkultur.berlin\/en\/wp-json\/wp\/v2\/pages\/5962\/revisions"}],"wp:attachment":[{"href":"https:\/\/2024.tagderclubkultur.berlin\/en\/wp-json\/wp\/v2\/media?parent=5962"}],"curies":[{"name":"wp","href":"https:\/\/api.w.org\/{rel}","templated":true}]}}