{"id":96,"date":"2021-07-20T14:58:20","date_gmt":"2020-08-25T19:45:50","guid":{"rendered":"http:\/\/tagderclubkultur-2023.wp.clubcommission.de\/kuratorium-2\/"},"modified":"2024-06-20T15:55:14","modified_gmt":"2024-06-20T15:55:14","slug":"kuratorium","status":"publish","type":"page","link":"https:\/\/2024.tagderclubkultur.berlin\/en\/kuratorium\/","title":{"rendered":"BOARD OF TRUSTEES"},"content":{"rendered":"","protected":false},"excerpt":{"rendered":"","protected":false},"author":1,"featured_media":0,"parent":0,"menu_order":22,"comment_status":"closed","ping_status":"closed","template":"","meta":{"inline_featured_image":false},"class_list":["post-96","page","type-page","status-publish","hentry"],"yoast_head":"<!-- This site is optimized with the Yoast SEO plugin v27.2 - https:\/\/yoast.com\/product\/yoast-seo-wordpress\/ -->\n<title>Kuratorium - TAG DER CLUBKULTUR<\/title>\n<meta name=\"robots\" content=\"index, follow, max-snippet:-1, max-image-preview:large, max-video-preview:-1\" \/>\n<link rel=\"canonical\" href=\"https:\/\/2024.tagderclubkultur.berlin\/en\/kuratorium\/\" \/>\n<meta property=\"og:locale\" content=\"en_US\" \/>\n<meta property=\"og:type\" content=\"article\" \/>\n<meta property=\"og:title\" content=\"Kuratorium - TAG DER CLUBKULTUR\" \/>\n<meta property=\"og:url\" content=\"https:\/\/2024.tagderclubkultur.berlin\/en\/kuratorium\/\" \/>\n<meta property=\"og:site_name\" content=\"TAG DER CLUBKULTUR\" \/>\n<meta property=\"article:modified_time\" content=\"2024-06-20T15:55:14+00:00\" \/>\n<meta name=\"twitter:card\" content=\"summary_large_image\" \/>\n<meta name=\"twitter:label1\" content=\"Est. reading time\" \/>\n\t<meta name=\"twitter:data1\" content=\"4 minutes\" \/>\n<script type=\"application\/ld+json\" class=\"yoast-schema-graph\">{\"@context\":\"https:\/\/schema.org\",\"@graph\":[{\"@type\":\"WebPage\",\"@id\":\"https:\/\/2024.tagderclubkultur.berlin\/kuratorium\/\",\"url\":\"https:\/\/2024.tagderclubkultur.berlin\/kuratorium\/\",\"name\":\"Kuratorium - TAG DER CLUBKULTUR\",\"isPartOf\":{\"@id\":\"https:\/\/2024.tagderclubkultur.berlin\/#website\"},\"datePublished\":\"2020-08-25T19:45:50+00:00\",\"dateModified\":\"2024-06-20T15:55:14+00:00\",\"breadcrumb\":{\"@id\":\"https:\/\/2024.tagderclubkultur.berlin\/kuratorium\/#breadcrumb\"},\"inLanguage\":\"en-US\",\"potentialAction\":[{\"@type\":\"ReadAction\",\"target\":[\"https:\/\/2024.tagderclubkultur.berlin\/kuratorium\/\"]}]},{\"@type\":\"BreadcrumbList\",\"@id\":\"https:\/\/2024.tagderclubkultur.berlin\/kuratorium\/#breadcrumb\",\"itemListElement\":[{\"@type\":\"ListItem\",\"position\":1,\"name\":\"Home\",\"item\":\"https:\/\/2024.tagderclubkultur.berlin\/\"},{\"@type\":\"ListItem\",\"position\":2,\"name\":\"Kuratorium\"}]},{\"@type\":\"WebSite\",\"@id\":\"https:\/\/2024.tagderclubkultur.berlin\/#website\",\"url\":\"https:\/\/2024.tagderclubkultur.berlin\/\",\"name\":\"TAG DER CLUBKULTUR\",\"description\":\"\",\"potentialAction\":[{\"@type\":\"SearchAction\",\"target\":{\"@type\":\"EntryPoint\",\"urlTemplate\":\"https:\/\/2024.tagderclubkultur.berlin\/?s={search_term_string}\"},\"query-input\":{\"@type\":\"PropertyValueSpecification\",\"valueRequired\":true,\"valueName\":\"search_term_string\"}}],\"inLanguage\":\"en-US\"}]}<\/script>\n<!-- \/ Yoast SEO plugin. -->","yoast_head_json":{"title":"Kuratorium - TAG DER CLUBKULTUR","robots":{"index":"index","follow":"follow","max-snippet":"max-snippet:-1","max-image-preview":"max-image-preview:large","max-video-preview":"max-video-preview:-1"},"canonical":"https:\/\/2024.tagderclubkultur.berlin\/en\/kuratorium\/","og_locale":"en_US","og_type":"article","og_title":"Kuratorium - TAG DER CLUBKULTUR","og_url":"https:\/\/2024.tagderclubkultur.berlin\/en\/kuratorium\/","og_site_name":"TAG DER CLUBKULTUR","article_modified_time":"2024-06-20T15:55:14+00:00","twitter_card":"summary_large_image","twitter_misc":{"Est. reading time":"4 minutes"},"schema":{"@context":"https:\/\/schema.org","@graph":[{"@type":"WebPage","@id":"https:\/\/2024.tagderclubkultur.berlin\/kuratorium\/","url":"https:\/\/2024.tagderclubkultur.berlin\/kuratorium\/","name":"Kuratorium - TAG DER CLUBKULTUR","isPartOf":{"@id":"https:\/\/2024.tagderclubkultur.berlin\/#website"},"datePublished":"2020-08-25T19:45:50+00:00","dateModified":"2024-06-20T15:55:14+00:00","breadcrumb":{"@id":"https:\/\/2024.tagderclubkultur.berlin\/kuratorium\/#breadcrumb"},"inLanguage":"en-US","potentialAction":[{"@type":"ReadAction","target":["https:\/\/2024.tagderclubkultur.berlin\/kuratorium\/"]}]},{"@type":"BreadcrumbList","@id":"https:\/\/2024.tagderclubkultur.berlin\/kuratorium\/#breadcrumb","itemListElement":[{"@type":"ListItem","position":1,"name":"Home","item":"https:\/\/2024.tagderclubkultur.berlin\/"},{"@type":"ListItem","position":2,"name":"Kuratorium"}]},{"@type":"WebSite","@id":"https:\/\/2024.tagderclubkultur.berlin\/#website","url":"https:\/\/2024.tagderclubkultur.berlin\/","name":"TAG DER CLUBKULTUR","description":"","potentialAction":[{"@type":"SearchAction","target":{"@type":"EntryPoint","urlTemplate":"https:\/\/2024.tagderclubkultur.berlin\/?s={search_term_string}"},"query-input":{"@type":"PropertyValueSpecification","valueRequired":true,"valueName":"search_term_string"}}],"inLanguage":"en-US"}]}},"grid":"{\r\n  \"colCount\": 10,\r\n  \"colGutter\": 1,\r\n  \"rowGutters\": [\r\n    0,\r\n    5,\r\n    5,\r\n    5,\r\n    5\r\n  ],\r\n  \"frameMargin\": 1,\r\n  \"topFrameMargin\": 0,\r\n  \"bottomFrameMargin\": 5,\r\n  \"rowAttrs\": [\r\n    {\r\n      \"bgimage\": {\r\n        \"attid\": 4165,\r\n        \"url\": \"\/wp-content\/uploads\/sites\/26\/2024\/06\/TDC24_Placeholder.jpg\",\r\n        \"sizes\": {\r\n          \"trp-custom-language-flag\": {\r\n            \"w\": 18,\r\n            \"h\": 10,\r\n            \"url\": \"\/wp-content\/uploads\/sites\/26\/2024\/06\/TDC24_Placeholder-18x10.jpg\"\r\n          },\r\n          \"_1920\": {\r\n            \"w\": 1920,\r\n            \"h\": 1075,\r\n            \"url\": \"\/wp-content\/uploads\/sites\/26\/2024\/06\/TDC24_Placeholder-1920x1075.jpg\"\r\n          },\r\n          \"_1280\": {\r\n            \"w\": 1280,\r\n            \"h\": 717,\r\n            \"url\": \"\/wp-content\/uploads\/sites\/26\/2024\/06\/TDC24_Placeholder-1280x717.jpg\"\r\n          },\r\n          \"_1024\": {\r\n            \"w\": 1024,\r\n            \"h\": 573,\r\n            \"url\": \"\/wp-content\/uploads\/sites\/26\/2024\/06\/TDC24_Placeholder-1024x573.jpg\"\r\n          },\r\n          \"_768\": {\r\n            \"w\": 768,\r\n            \"h\": 430,\r\n            \"url\": \"\/wp-content\/uploads\/sites\/26\/2024\/06\/TDC24_Placeholder-768x430.jpg\"\r\n          },\r\n          \"_512\": {\r\n            \"w\": 512,\r\n            \"h\": 287,\r\n            \"url\": \"\/wp-content\/uploads\/sites\/26\/2024\/06\/TDC24_Placeholder-512x287.jpg\"\r\n          },\r\n          \"_265\": {\r\n            \"w\": 265,\r\n            \"h\": 148,\r\n            \"url\": \"\/wp-content\/uploads\/sites\/26\/2024\/06\/TDC24_Placeholder-265x148.jpg\"\r\n          }\r\n        }\r\n      },\r\n      \"relid\": 23\r\n    },\r\n    {\r\n      \"relid\": 36\r\n    },\r\n    {\r\n      \"relid\": 28\r\n    },\r\n    {\r\n      \"relid\": 31\r\n    },\r\n    {\r\n      \"relid\": 34\r\n    },\r\n    {\r\n      \"relid\": 35\r\n    }\r\n  ],\r\n  \"bgColor\": null,\r\n  \"cont\": [\r\n    {\r\n      \"type\": \"text\",\r\n      \"cont\": \"<p class=\\\"_BIG\\\">Kuratorium<\/p>\",\r\n      \"align\": \"top\",\r\n      \"row\": 0,\r\n      \"col\": 0,\r\n      \"colspan\": 5,\r\n      \"offsetx\": 0,\r\n      \"offsety\": 0,\r\n      \"spaceabove\": 30,\r\n      \"spacebelow\": 3,\r\n      \"yvel\": 1,\r\n      \"push\": 0,\r\n      \"relid\": 13,\r\n      \"absolute_position\": false\r\n    },\r\n    {\r\n      \"type\": \"hr\",\r\n      \"cont\": \"\",\r\n      \"align\": \"top\",\r\n      \"row\": 1,\r\n      \"col\": 0,\r\n      \"colspan\": 10,\r\n      \"offsetx\": 0,\r\n      \"offsety\": 0,\r\n      \"spaceabove\": 0,\r\n      \"spacebelow\": 0,\r\n      \"yvel\": 1,\r\n      \"push\": 0,\r\n      \"relid\": 37,\r\n      \"absolute_position\": false,\r\n      \"frameOverflow\": \"both\"\r\n    },\r\n    {\r\n      \"type\": \"text\",\r\n      \"cont\": \"<p class=\\\"_Mono\\\">Das Kuratorium setzt sich aus f\u00fcnf Mitgliedern zusammen, die aufgrund ihrer Expertise und Erfahrungshintergr\u00fcnde unterschiedliche Blickwinkel auf die Berliner Clubkultur mitbringen. Das Kuratorium arbeitet unabh\u00e4ngig und entscheidet in einer abschlie\u00dfenden Kuratoriumssitzung gemeinsam \u00fcber die Vergabe der Preise.<\/p>\",\r\n      \"align\": \"top\",\r\n      \"row\": 2,\r\n      \"col\": 0,\r\n      \"colspan\": 5,\r\n      \"offsetx\": 0,\r\n      \"offsety\": 0,\r\n      \"spaceabove\": 0,\r\n      \"spacebelow\": 0,\r\n      \"yvel\": 1,\r\n      \"push\": 0,\r\n      \"relid\": 10,\r\n      \"absolute_position\": false\r\n    },\r\n    {\r\n      \"type\": \"stack\",\r\n      \"cont\": [\r\n        {\r\n          \"type\": \"img\",\r\n          \"cont\": \"\/wp-content\/uploads\/sites\/26\/2024\/06\/4-Megan.png\",\r\n          \"align\": \"top\",\r\n          \"row\": -1,\r\n          \"col\": 0,\r\n          \"colspan\": 5,\r\n          \"offsetx\": 0,\r\n          \"offsety\": 0,\r\n          \"spaceabove\": 0,\r\n          \"spacebelow\": 0,\r\n          \"yvel\": 1,\r\n          \"push\": 0,\r\n          \"relid\": 150,\r\n          \"attid\": 4199,\r\n          \"sizes\": {\r\n            \"full\": \"\/wp-content\/uploads\/sites\/26\/2024\/06\/4-Megan.png\",\r\n            \"_1280\": \"\/wp-content\/uploads\/sites\/26\/2024\/06\/4-Megan-1280x720.png\",\r\n            \"_1024\": \"\/wp-content\/uploads\/sites\/26\/2024\/06\/4-Megan-1024x576.png\",\r\n            \"_768\": \"\/wp-content\/uploads\/sites\/26\/2024\/06\/4-Megan-768x432.png\",\r\n            \"_512\": \"\/wp-content\/uploads\/sites\/26\/2024\/06\/4-Megan-512x288.png\",\r\n            \"_265\": \"\/wp-content\/uploads\/sites\/26\/2024\/06\/4-Megan-265x149.png\"\r\n          },\r\n          \"w\": 1920,\r\n          \"h\": 1080,\r\n          \"ar\": 0.5625,\r\n          \"alt\": \"\",\r\n          \"absolute_position\": false\r\n        },\r\n        {\r\n          \"type\": \"text\",\r\n          \"cont\": \"<p class=\\\"_Default\\\"><b>Juba <\/b><span style=\\\"font-weight: 400;\\\">(sie\/ihr)<\/span><\/p><p class=\\\"_Mono\\\"><span style=\\\"font-size: 25px;\\\"><span style=\\\"font-weight: 400;\\\">ist regelm\u00e4\u00dfig als Moderatorin in Berlins <\/span><span style=\\\"font-family: TRJNDaVinci-Italic;\\\"><span style=\\\"font-weight: 400;\\\">Cashmere Radio<\/span><\/span><span style=\\\"font-weight: 400;\\\"> zu h\u00f6ren, Teil des Londoner Kollektivs <\/span><i><span style=\\\"font-weight: 400;\\\">Boko! Boko!<\/span><\/i><span style=\\\"font-weight: 400;\\\"> und Veranstalterin der Partyreihe <\/span><span style=\\\"font-weight: 400; font-family: TRJNDaVinci-Italic;\\\">\u1ecd\u0301k\u1ee5\u0301<\/span><span style=\\\"font-weight: 400;\\\"> im Berliner Tresor. In ihren DJ-Sets fokussiert sie als Kind der nigerianischen Diaspora vor allem elektronische Musik aus Afrika und der afrikanischen Diaspora. In der Dokumentation <\/span><i><span style=\\\"font-weight: 400;\\\">Assurance<\/span><\/i><span style=\\\"font-weight: 400;\\\"> und dem dazugeh\u00f6rigen Podcast zeigt Juba die Hindernisse auf, mit denen weibliche DJs auf dem Dancefloor und auch abseits davon konfrontiert sind, und spricht \u00fcber Strategien, diese Schwierigkeiten zu \u00fcberwinden. Mithilfe ihrer Plattformen zeigt sie nicht nur ihr Talent als DJ, sondern spricht auch soziopolitische Themen in der Musikwelt an.<\/span><\/span><\/p>\",\r\n          \"align\": \"top\",\r\n          \"row\": -1,\r\n          \"col\": 0,\r\n          \"colspan\": 5,\r\n          \"offsetx\": 0,\r\n          \"offsety\": 0,\r\n          \"spaceabove\": 2.5,\r\n          \"spacebelow\": 0,\r\n          \"yvel\": 1,\r\n          \"push\": 0,\r\n          \"relid\": 11,\r\n          \"absolute_position\": false\r\n        }\r\n      ],\r\n      \"align\": \"top\",\r\n      \"row\": 3,\r\n      \"col\": 0,\r\n      \"colspan\": 5,\r\n      \"offsetx\": 0,\r\n      \"offsety\": 0,\r\n      \"spaceabove\": 0,\r\n      \"spacebelow\": 0,\r\n      \"yvel\": 1,\r\n      \"push\": 0,\r\n      \"relid\": 9,\r\n      \"absolute_position\": false\r\n    },\r\n    {\r\n      \"type\": \"stack\",\r\n      \"cont\": [\r\n        {\r\n          \"type\": \"img\",\r\n          \"cont\": \"\/wp-content\/uploads\/sites\/26\/2024\/06\/2-DARVISH.png\",\r\n          \"align\": \"top\",\r\n          \"row\": -1,\r\n          \"col\": 0,\r\n          \"colspan\": 5,\r\n          \"offsetx\": 0,\r\n          \"offsety\": 0,\r\n          \"spaceabove\": 0,\r\n          \"spacebelow\": 0,\r\n          \"yvel\": 1,\r\n          \"push\": 0,\r\n          \"relid\": 1413,\r\n          \"attid\": 4200,\r\n          \"sizes\": {\r\n            \"full\": \"\/wp-content\/uploads\/sites\/26\/2024\/06\/2-DARVISH.png\"\r\n          },\r\n          \"w\": 1920,\r\n          \"h\": 1080,\r\n          \"ar\": 0.5625,\r\n          \"alt\": \"\",\r\n          \"absolute_position\": false\r\n        },\r\n        {\r\n          \"type\": \"text\",\r\n          \"cont\": \"<p class=\\\"_Default\\\"><b>The Darvish<\/b><span style=\\\"font-weight: 400;\\\"> (they\/ them)<\/span><\/p><p class=\\\"_Mono\\\"><span style=\\\"font-weight: 400; font-size: 25px;\\\">ist ein:e syrische:r, autodidaktische:r T\u00e4nzer:in und Veranstalter:in und quer durch die Berliner Clubszene unterwegs. Seit der Ankunft in Berlin 2016 hat The Darvish sich auf die Reise begeben, Geschlechtsidentit\u00e4ten und kreative Ausdrucksformen zu erkunden. In Bauchtanz- und Bewegungsworkshops l\u00e4dt The Darvish andere auf diese Erkundung ein. Mit der Dragqueen Judy Ladivina veranstaltet The Darvish die queere Partyreihe <span style=\\\"font-family: TRJNDaVinci-Italic;\\\">Yalla Hafla<\/span>, die mediterrane Kulturen und Kl\u00e4nge feiert und Vorurteile gegen\u00fcber Gefl\u00fcchteten, Araber:innen und J\u00fcd:innen \u00fcberwinden m\u00f6chte. Au\u00dferdem schreibt The Darvish gerade ein Kinderbuch und engagiert sich bei den <span style=\\\"font-family: TRJNDaVinci-Italic;\\\">Queens against Borders<\/span>-Solipartys, um Geld f\u00fcr die Gesundheitsversorgung von trans und nicht-bin\u00e4re Gefl\u00fcchtete zu sammeln.<\/span><\/p>\",\r\n          \"align\": \"top\",\r\n          \"row\": -1,\r\n          \"col\": 0,\r\n          \"colspan\": 5,\r\n          \"offsetx\": 0,\r\n          \"offsety\": 0,\r\n          \"spaceabove\": 2.5,\r\n          \"spacebelow\": 0,\r\n          \"yvel\": 1,\r\n          \"push\": 0,\r\n          \"relid\": 25,\r\n          \"absolute_position\": false\r\n        }\r\n      ],\r\n      \"align\": \"top\",\r\n      \"row\": 3,\r\n      \"col\": 5,\r\n      \"colspan\": 5,\r\n      \"offsetx\": 0,\r\n      \"offsety\": 0,\r\n      \"spaceabove\": 0,\r\n      \"spacebelow\": 0,\r\n      \"yvel\": 1,\r\n      \"push\": 0,\r\n      \"relid\": 24,\r\n      \"absolute_position\": false\r\n    },\r\n    {\r\n      \"type\": \"stack\",\r\n      \"cont\": [\r\n        {\r\n          \"type\": \"img\",\r\n          \"cont\": \"\/wp-content\/uploads\/sites\/26\/2024\/06\/5-MarkReeder.png\",\r\n          \"align\": \"top\",\r\n          \"row\": -1,\r\n          \"col\": 0,\r\n          \"colspan\": 5,\r\n          \"offsetx\": 0,\r\n          \"offsety\": 0,\r\n          \"spaceabove\": 0,\r\n          \"spacebelow\": 0,\r\n          \"yvel\": 1,\r\n          \"push\": 0,\r\n          \"relid\": 945,\r\n          \"attid\": 4201,\r\n          \"sizes\": {\r\n            \"full\": \"\/wp-content\/uploads\/sites\/26\/2024\/06\/5-MarkReeder.png\"\r\n          },\r\n          \"w\": 1920,\r\n          \"h\": 1080,\r\n          \"ar\": 0.5625,\r\n          \"alt\": \"\",\r\n          \"absolute_position\": false\r\n        },\r\n        {\r\n          \"type\": \"text\",\r\n          \"cont\": \"<p class=\\\"_Default\\\"><b>Mark Reeder<\/b><span style=\\\"font-weight: 400;\\\"> (er\/ihm)<\/span><\/p><p class=\\\"_Mono\\\"><span style=\\\"font-size: 25px;\\\"><span style=\\\"font-weight: 400;\\\">ist ein audiovisuelles Multitalent: Musiker, Produzent, DJ, Filmemacher, Grafikdesigner. Vor 45 Jahren kam er per Anhalter aus Manchester nach West-Berlin und wurde zu einer Legende des Undergrounds. Er war Teil von Synthpop-Bands wie <\/span><i><span style=\\\"font-weight: 400;\\\">The Unknown<\/span><\/i><span style=\\\"font-weight: 400;\\\"> und <\/span><i><span style=\\\"font-weight: 400;\\\">Shark Vegas<\/span><\/i><span style=\\\"font-weight: 400;\\\"> und Manager von <\/span><i><span style=\\\"font-weight: 400;\\\">Malaria!<\/span><\/i><span style=\\\"font-weight: 400;\\\">, hat f\u00fcr <\/span><i><span style=\\\"font-weight: 400;\\\">Joy Division<\/span><\/i><span style=\\\"font-weight: 400;\\\"> und <\/span><i><span style=\\\"font-weight: 400;\\\">Factory Records<\/span><\/i><span style=\\\"font-weight: 400;\\\"> gearbeitet und trotz Stasi-\u00dcberwachung geheime Punkkonzerte der <\/span><i><span style=\\\"font-weight: 400;\\\">Toten Hosen<\/span><\/i><span style=\\\"font-weight: 400;\\\"> in Budapest und Prag organisiert. 1990 gr\u00fcndete er <\/span><i><span style=\\\"font-weight: 400;\\\">MFS (Masterminded For Success)<\/span><\/i><span style=\\\"font-weight: 400;\\\">, das erste unabh\u00e4ngige elektronische Musiklabel im Ost-Berlin der Nachwendezeit, wo K\u00fcnstler:innen wie Ellen Allien und Paul van Dyk ihre Karrieren starteten. Mit seinen Weggef\u00e4hrten hat Mark den Sound Berlins gepr\u00e4gt und seinen Ruf als \u201eStadt der Subkulturen\u201c gepr\u00e4gt.<\/span><\/span><\/p>\",\r\n          \"align\": \"top\",\r\n          \"row\": -1,\r\n          \"col\": 0,\r\n          \"colspan\": 5,\r\n          \"offsetx\": 0,\r\n          \"offsety\": 0,\r\n          \"spaceabove\": 2.5,\r\n          \"spacebelow\": 0,\r\n          \"yvel\": 1,\r\n          \"push\": 0,\r\n          \"relid\": 29,\r\n          \"absolute_position\": false\r\n        }\r\n      ],\r\n      \"align\": \"top\",\r\n      \"row\": 4,\r\n      \"col\": 0,\r\n      \"colspan\": 5,\r\n      \"offsetx\": 0,\r\n      \"offsety\": 0,\r\n      \"spaceabove\": 0,\r\n      \"spacebelow\": 0,\r\n      \"yvel\": 1,\r\n      \"push\": 0,\r\n      \"relid\": 26,\r\n      \"absolute_position\": false\r\n    },\r\n    {\r\n      \"type\": \"stack\",\r\n      \"cont\": [\r\n        {\r\n          \"type\": \"img\",\r\n          \"cont\": \"\/wp-content\/uploads\/sites\/26\/2024\/06\/6-Meg10.png\",\r\n          \"align\": \"top\",\r\n          \"row\": -1,\r\n          \"col\": 0,\r\n          \"colspan\": 5,\r\n          \"offsetx\": 0,\r\n          \"offsety\": 0,\r\n          \"spaceabove\": 0,\r\n          \"spacebelow\": 0,\r\n          \"yvel\": 1,\r\n          \"push\": 0,\r\n          \"relid\": 1173,\r\n          \"attid\": 4202,\r\n          \"sizes\": {\r\n            \"full\": \"\/wp-content\/uploads\/sites\/26\/2024\/06\/6-Meg10.png\",\r\n            \"_1280\": \"\/wp-content\/uploads\/sites\/26\/2024\/06\/6-Meg10-1280x720.png\",\r\n            \"_1024\": \"\/wp-content\/uploads\/sites\/26\/2024\/06\/6-Meg10-1024x576.png\",\r\n            \"_768\": \"\/wp-content\/uploads\/sites\/26\/2024\/06\/6-Meg10-768x432.png\",\r\n            \"_512\": \"\/wp-content\/uploads\/sites\/26\/2024\/06\/6-Meg10-512x288.png\",\r\n            \"_265\": \"\/wp-content\/uploads\/sites\/26\/2024\/06\/6-Meg10-265x149.png\"\r\n          },\r\n          \"w\": 1920,\r\n          \"h\": 1080,\r\n          \"ar\": 0.5625,\r\n          \"alt\": \"\",\r\n          \"absolute_position\": false\r\n        },\r\n        {\r\n          \"type\": \"text\",\r\n          \"cont\": \"<p class=\\\"_Default\\\"><b>Meg10<\/b><span style=\\\"font-weight: 400;\\\"> (Sie\/ihr)<\/span><\/p><p class=\\\"_Mono\\\"><span style=\\\"font-size: 25px;\\\"><span style=\\\"font-weight: 400;\\\">ist eine Berliner DJ, Veranstalterin und Moderatorin, die Deutschlands wohl bekannteste femininistische Clubnacht ins Leben gerufen hat: <\/span><i><span style=\\\"font-weight: 400;\\\">Hoe_mies<\/span><\/i><span style=\\\"font-weight: 400;\\\">. Damit hat sie eine neue Generation von DJs gef\u00f6rdert, die sonst unterrepr\u00e4sentiert sind, und der Berliner Clubkultur so eine ordentliche Portion Sensibilisierung verpasst. Bis 2019 gab Gizem Workshops zu den Themen Rassismus und Sexismus an Berliner Schulen. Mit politischer Offenheit, feministischem Engagement und einem Musikstil, der 2000er-Hiphop und -R\u2019n\u2018B mit elektronischen Kl\u00e4ngen vereint, setzt sich Meg10 seit Jahren erfolgreich ein Zeichen f\u00fcr eine inklusivere Clubkultur.<\/span><\/span><\/p><p class=\\\"_Mono\\\"><br style=\\\"font-weight: 400;\\\" \/><br style=\\\"font-weight: 400;\\\" \/><br \/><\/p>\",\r\n          \"align\": \"middle\",\r\n          \"row\": -1,\r\n          \"col\": 0,\r\n          \"colspan\": 5,\r\n          \"offsetx\": 0,\r\n          \"offsety\": 0,\r\n          \"spaceabove\": 2.5,\r\n          \"spacebelow\": 0,\r\n          \"yvel\": 1,\r\n          \"push\": 0,\r\n          \"relid\": 30,\r\n          \"absolute_position\": false\r\n        }\r\n      ],\r\n      \"align\": \"top\",\r\n      \"row\": 4,\r\n      \"col\": 5,\r\n      \"colspan\": 5,\r\n      \"offsetx\": 0,\r\n      \"offsety\": 0,\r\n      \"spaceabove\": 0,\r\n      \"spacebelow\": 0,\r\n      \"yvel\": 1,\r\n      \"push\": 0,\r\n      \"relid\": 27,\r\n      \"absolute_position\": false\r\n    },\r\n    {\r\n      \"type\": \"stack\",\r\n      \"cont\": [\r\n        {\r\n          \"type\": \"img\",\r\n          \"cont\": \"\/wp-content\/uploads\/sites\/26\/2024\/06\/3-TalSe.png\",\r\n          \"align\": \"middle\",\r\n          \"row\": -1,\r\n          \"col\": 0,\r\n          \"colspan\": 5,\r\n          \"offsetx\": 0,\r\n          \"offsety\": 0,\r\n          \"spaceabove\": 0,\r\n          \"spacebelow\": 0,\r\n          \"yvel\": 1,\r\n          \"push\": 0,\r\n          \"relid\": 2633,\r\n          \"attid\": 4198,\r\n          \"sizes\": {\r\n            \"full\": \"\/wp-content\/uploads\/sites\/26\/2024\/06\/3-TalSe.png\",\r\n            \"_1280\": \"\/wp-content\/uploads\/sites\/26\/2024\/06\/3-TalSe-1280x720.png\",\r\n            \"_1024\": \"\/wp-content\/uploads\/sites\/26\/2024\/06\/3-TalSe-1024x576.png\",\r\n            \"_768\": \"\/wp-content\/uploads\/sites\/26\/2024\/06\/3-TalSe-768x432.png\",\r\n            \"_512\": \"\/wp-content\/uploads\/sites\/26\/2024\/06\/3-TalSe-512x288.png\",\r\n            \"_265\": \"\/wp-content\/uploads\/sites\/26\/2024\/06\/3-TalSe-265x149.png\"\r\n          },\r\n          \"w\": 1920,\r\n          \"h\": 1080,\r\n          \"ar\": 0.5625,\r\n          \"alt\": \"\",\r\n          \"absolute_position\": false\r\n        },\r\n        {\r\n          \"type\": \"text\",\r\n          \"cont\": \"<p class=\\\"_Default\\\"><b>Tal Se<\/b><span style=\\\"font-weight: 400;\\\"> (sie\/they\/them)<\/span><\/p><p class=\\\"_Mono\\\"><span style=\\\"font-size: 25px;\\\"><span style=\\\"font-weight: 400;\\\">hat als T\u00fcrsteherin schon auf so ziemlich jeder queeren Party und vor fast allen Clubs der Stadt gearbeitet. Dabei setzt sie sich in ihrer Rolle als queere, trans-femme Person besonders f\u00fcr Sicherheit, Awareness und Inklusion im Nachtleben ein. Als Bookerin hat Tal das Label <\/span><i><span style=\\\"font-weight: 400;\\\">DURCH<\/span><\/i><span style=\\\"font-weight: 400;\\\"> ins Leben gerufen, um queere K\u00fcnstler:innen zu unterst\u00fctzen, und ist in die Party <\/span><i><span style=\\\"font-weight: 400;\\\">Ooze<\/span><\/i><span style=\\\"font-weight: 400;\\\"> involviert, die zwischen Berlin und Stockholm stattfindet. Au\u00dferdem engagiert sich Tal bei <\/span><i><span style=\\\"font-weight: 400;\\\">SONAR - Safer Nightlife Berlin<\/span><\/i><span style=\\\"font-weight: 400;\\\"> f\u00fcr sicheres Clubbing, bewussten Drogenkonsum und Schadensminderung.<\/span><\/span><\/p>\",\r\n          \"align\": \"top\",\r\n          \"row\": -1,\r\n          \"col\": 0,\r\n          \"colspan\": 5,\r\n          \"offsetx\": 0,\r\n          \"offsety\": 0,\r\n          \"spaceabove\": 2.5,\r\n          \"spacebelow\": 0,\r\n          \"yvel\": 1,\r\n          \"push\": 0,\r\n          \"relid\": 33,\r\n          \"absolute_position\": false\r\n        }\r\n      ],\r\n      \"align\": \"middle\",\r\n      \"row\": 5,\r\n      \"col\": 0,\r\n      \"colspan\": 5,\r\n      \"offsetx\": 0,\r\n      \"offsety\": 0,\r\n      \"spaceabove\": 0,\r\n      \"spacebelow\": 0,\r\n      \"yvel\": 1,\r\n      \"push\": 0,\r\n      \"relid\": 32,\r\n      \"absolute_position\": false\r\n    }\r\n  ]\r\n}","phonegrid":"","_links":{"self":[{"href":"https:\/\/2024.tagderclubkultur.berlin\/en\/wp-json\/wp\/v2\/pages\/96","targetHints":{"allow":["GET"]}}],"collection":[{"href":"https:\/\/2024.tagderclubkultur.berlin\/en\/wp-json\/wp\/v2\/pages"}],"about":[{"href":"https:\/\/2024.tagderclubkultur.berlin\/en\/wp-json\/wp\/v2\/types\/page"}],"author":[{"embeddable":true,"href":"https:\/\/2024.tagderclubkultur.berlin\/en\/wp-json\/wp\/v2\/users\/1"}],"replies":[{"embeddable":true,"href":"https:\/\/2024.tagderclubkultur.berlin\/en\/wp-json\/wp\/v2\/comments?post=96"}],"version-history":[{"count":0,"href":"https:\/\/2024.tagderclubkultur.berlin\/en\/wp-json\/wp\/v2\/pages\/96\/revisions"}],"wp:attachment":[{"href":"https:\/\/2024.tagderclubkultur.berlin\/en\/wp-json\/wp\/v2\/media?parent=96"}],"curies":[{"name":"wp","href":"https:\/\/api.w.org\/{rel}","templated":true}]}}